{"id":16,"date":"2023-12-25T20:36:44","date_gmt":"2023-12-25T20:36:44","guid":{"rendered":"https:\/\/www.karolwiech.com\/?page_id=16"},"modified":"2026-01-06T18:24:18","modified_gmt":"2026-01-06T18:24:18","slug":"bio","status":"publish","type":"page","link":"https:\/\/www.karolwiech.com\/?page_id=16","title":{"rendered":"BIO"},"content":{"rendered":"<p><strong>Karol Wi\u0119ch<\/strong> (ur. 1986) \u2013 interdyscyplinarny artysta wizualny, doktor nauk o kulturze i religii (kulturoznawstwo), pisarz oraz badacz kultury. \u017byje i tworzy w Barg\u0142owie Dwornym, wsi mieszcz\u0105cej si\u0119 w wojew\u00f3dztwie podlaskim. Przez 13 lat zawodowo zwi\u0105zany z Uniwersytetem w Bia\u0142ymstoku, gdzie prowadzi\u0142 zaj\u0119cia i wyk\u0142ady z kultury audiowizualnej, komunikacji medialnej i kulturowej, filozofii nowych medi\u00f3w oraz konwersatoria dotycz\u0105ce skandalu w kulturze popularnej. W swojej pracy badawczej podejmowa\u0142 problemy: sztucznej inteligencji [<i>Odpowiedzialno\u015b\u0107 wobec ludzkiej inteligencji w kontek\u015bcie rozwoju i \u201eucz\u0142owieczania\u201d AI, 2024<\/i>], walki o w\u0142adz\u0119 nad widzialno\u015bci\u0105 [<i>Audiovisual Tactics of Resistance of the Polish Anti-Communist Opposition in the 1980s as Illustrated by Tomasz \u0141ab\u0119d\u017a\u2019s Kalendarz Wojny (War Calendar), <\/i>2023], j\u0119zyka nowych medi\u00f3w [<i>Na pocz\u0105tku by\u0142a ko\u015b\u0107, a ko\u015b\u0107 chipem si\u0119 sta\u0142a. J\u0119zyk nowych medi\u00f3w jako nowy &#8222;logos&#8221;, 2017<\/i>] czy upcyclingu [<i>&#8222;Upcycling&#8221;. Od wsp\u00f3\u0142odczuwania do biznesu<\/i>, 2015].<\/p>\n<p>W tw\u00f3rczo\u015bci Karola Wi\u0119cha perspektywa osobistego do\u015bwiadczenia zostaje scalona z analiz\u0105 kultury wsp\u00f3\u0142czesnej i prowadzonymi przez niego badaniami. Zakres tematyczny prac oscyluje wok\u00f3\u0142 problem\u00f3w w\u0142adzy, rodziny, erotyzmu i \u015bmierci, oddzia\u0142ywania techniki i ideologii na sposoby my\u015blenia\/dzia\u0142ania, poszukiwa\u0144 autentyczno\u015bci oraz blisko\u015bci w zmieniaj\u0105cym si\u0119 \u015bwiecie.<\/p>\n<p align=\"justify\">Dominuj\u0105cym \u015brodkiem wyrazu artystycznego jest dla Karola Wi\u0119cha malarstwo akrylowe, jednak nie ogranicza si\u0119 wy\u0142\u0105cznie do obraz\u00f3w, stara si\u0119 eksperymentowa\u0107 z form\u0105 i materi\u0105, wykorzystuj\u0105c\/przekszta\u0142caj\u0105c gotowe obiekty, tworz\u0105c instalacje i rze\u017aby, a tak\u017ce korzystaj\u0105c z grafiki cyfrowej. Wi\u0119ch pracuje z tekstami kultury o charterze popularnym i naukowym, archiwalnymi zdj\u0119ciami, a tak\u017ce z artefaktami przywo\u0142uj\u0105cymi w\u0105tki autobiograficzne. Jego <span style=\"color: #0a0a0a;\">leitmotivem jest <\/span><span style=\"color: #0a0a0a;\">autorska koncepcja <\/span><span style=\"color: #0a0a0a;\">symbolik<\/span><span style=\"color: #0a0a0a;\">i<\/span><span style=\"color: #0a0a0a;\"> ciep\u0142a, kt\u00f3r\u0105 skrupulatnie stosuje w swoich pracach, intensyfikacja kolorystyczna, <\/span><span style=\"color: #0a0a0a;\">kontrasty, <\/span><span style=\"color: #0a0a0a;\">szukanie po\u0142\u0105cze\u0144 mi\u0119dzy figuracj\u0105 a abstrakcj\u0105, <\/span><span style=\"color: #0a0a0a;\">uproszczenie i odrealnienie. <\/span><span style=\"color: #0a0a0a;\">Styl Karola Wi\u0119cha mo\u017cna okre\u015bli\u0107 jako synteza ekspresjonizmu i sztuki konceptualnej, <\/span><span style=\"color: #0a0a0a;\">gdzie subiektywnej wizji rzeczywisto\u015bci towarzyszy \u015bwiadome odrzucenie realizmu. <\/span><span style=\"color: #0a0a0a;\">Dziko\u015b\u0107 i psychodela \u2013 logika i krytyka kulturowa. <\/span><span style=\"color: #0a0a0a;\">S\u0105 to prace, kt\u00f3re nios\u0105 tre\u015b\u0107 i znaczenie, staj\u0105c si\u0119 wizualnymi esejami prowokuj\u0105cymi <\/span><span style=\"color: #0a0a0a;\">odbiorc\u00f3w<\/span><span style=\"color: #0a0a0a;\"> do interpretacji i re<\/span><span style=\"color: #0a0a0a;\">fleksji.<\/span><\/p>\n","protected":false},"excerpt":{"rendered":"<p>Karol Wi\u0119ch (ur. 1986) \u2013 interdyscyplinarny artysta wizualny, doktor nauk o kulturze i religii (kulturoznawstwo), pisarz oraz badacz kultury. \u017byje i tworzy w Barg\u0142owie Dwornym, wsi mieszcz\u0105cej si\u0119 w wojew\u00f3dztwie podlaskim. [&hellip;]<\/p>\n","protected":false},"author":1,"featured_media":0,"parent":0,"menu_order":0,"comment_status":"closed","ping_status":"closed","template":"","meta":{"footnotes":""},"class_list":["post-16","page","type-page","status-publish","hentry"],"_links":{"self":[{"href":"https:\/\/www.karolwiech.com\/index.php?rest_route=\/wp\/v2\/pages\/16","targetHints":{"allow":["GET"]}}],"collection":[{"href":"https:\/\/www.karolwiech.com\/index.php?rest_route=\/wp\/v2\/pages"}],"about":[{"href":"https:\/\/www.karolwiech.com\/index.php?rest_route=\/wp\/v2\/types\/page"}],"author":[{"embeddable":true,"href":"https:\/\/www.karolwiech.com\/index.php?rest_route=\/wp\/v2\/users\/1"}],"replies":[{"embeddable":true,"href":"https:\/\/www.karolwiech.com\/index.php?rest_route=%2Fwp%2Fv2%2Fcomments&post=16"}],"version-history":[{"count":29,"href":"https:\/\/www.karolwiech.com\/index.php?rest_route=\/wp\/v2\/pages\/16\/revisions"}],"predecessor-version":[{"id":633,"href":"https:\/\/www.karolwiech.com\/index.php?rest_route=\/wp\/v2\/pages\/16\/revisions\/633"}],"wp:attachment":[{"href":"https:\/\/www.karolwiech.com\/index.php?rest_route=%2Fwp%2Fv2%2Fmedia&parent=16"}],"curies":[{"name":"wp","href":"https:\/\/api.w.org\/{rel}","templated":true}]}}